{"id":77,"date":"2022-10-27T20:42:09","date_gmt":"2022-10-27T18:42:09","guid":{"rendered":"https:\/\/benifaio.net\/?page_id=77"},"modified":"2023-05-26T13:30:53","modified_gmt":"2023-05-26T11:30:53","slug":"bar-america","status":"publish","type":"page","link":"https:\/\/benifaio.net\/?page_id=77","title":{"rendered":"Bar Am\u00e9rica"},"content":{"rendered":"\t\t<div data-elementor-type=\"wp-page\" data-elementor-id=\"77\" class=\"elementor elementor-77\">\n\t\t\t\t\t\t<section class=\"elementor-section elementor-top-section elementor-element elementor-element-32fbe4ef elementor-section-boxed elementor-section-height-default elementor-section-height-default\" data-id=\"32fbe4ef\" data-element_type=\"section\" data-e-type=\"section\">\n\t\t\t\t\t\t<div class=\"elementor-container elementor-column-gap-default\">\n\t\t\t\t\t<div class=\"elementor-column elementor-col-100 elementor-top-column elementor-element elementor-element-79f90a8f\" data-id=\"79f90a8f\" data-element_type=\"column\" data-e-type=\"column\">\n\t\t\t<div class=\"elementor-widget-wrap elementor-element-populated\">\n\t\t\t\t\t\t<div class=\"elementor-element elementor-element-bf406e4 elementor-widget elementor-widget-image\" data-id=\"bf406e4\" data-element_type=\"widget\" data-e-type=\"widget\" data-widget_type=\"image.default\">\n\t\t\t\t<div class=\"elementor-widget-container\">\n\t\t\t\t\t\t\t\t\t\t\t\t\t\t\t<img fetchpriority=\"high\" decoding=\"async\" width=\"724\" height=\"1024\" src=\"https:\/\/benifaio.net\/wp-content\/uploads\/2022\/11\/221117-Cartell_Mundial_Futbol_2022_Qatar_Bar_America_127-2-724x1024.jpg\" class=\"attachment-large size-large wp-image-118\" alt=\"Ven a disfrutar la Copa del Mundo 2022\" srcset=\"https:\/\/benifaio.net\/wp-content\/uploads\/2022\/11\/221117-Cartell_Mundial_Futbol_2022_Qatar_Bar_America_127-2-724x1024.jpg 724w, https:\/\/benifaio.net\/wp-content\/uploads\/2022\/11\/221117-Cartell_Mundial_Futbol_2022_Qatar_Bar_America_127-2-212x300.jpg 212w, https:\/\/benifaio.net\/wp-content\/uploads\/2022\/11\/221117-Cartell_Mundial_Futbol_2022_Qatar_Bar_America_127-2-768x1086.jpg 768w, https:\/\/benifaio.net\/wp-content\/uploads\/2022\/11\/221117-Cartell_Mundial_Futbol_2022_Qatar_Bar_America_127-2-750x1060.jpg 750w, https:\/\/benifaio.net\/wp-content\/uploads\/2022\/11\/221117-Cartell_Mundial_Futbol_2022_Qatar_Bar_America_127-2-400x565.jpg 400w, https:\/\/benifaio.net\/wp-content\/uploads\/2022\/11\/221117-Cartell_Mundial_Futbol_2022_Qatar_Bar_America_127-2-430x608.jpg 430w, https:\/\/benifaio.net\/wp-content\/uploads\/2022\/11\/221117-Cartell_Mundial_Futbol_2022_Qatar_Bar_America_127-2-150x212.jpg 150w, https:\/\/benifaio.net\/wp-content\/uploads\/2022\/11\/221117-Cartell_Mundial_Futbol_2022_Qatar_Bar_America_127-2-100x141.jpg 100w, https:\/\/benifaio.net\/wp-content\/uploads\/2022\/11\/221117-Cartell_Mundial_Futbol_2022_Qatar_Bar_America_127-2.jpg 1006w\" sizes=\"(max-width: 724px) 100vw, 724px\" \/>\t\t\t\t\t\t\t\t\t\t\t\t\t\t\t<\/div>\n\t\t\t\t<\/div>\n\t\t\t\t<div class=\"elementor-element elementor-element-4e1a42e4 elementor-widget elementor-widget-text-editor\" data-id=\"4e1a42e4\" data-element_type=\"widget\" data-e-type=\"widget\" data-widget_type=\"text-editor.default\">\n\t\t\t\t<div class=\"elementor-widget-container\">\n\t\t\t\t\t\t\t\t\t<p><\/p>\n<p>Bar Cafeter\u00eda y Restaurante en Benifai\u00f3<\/p>\n<p><\/p>\n<p><\/p>\n<p>Pla\u00e7a Blasco Ib\u00e1\u00f1ez, 12<\/p>\n<p><\/p>\n<p><\/p>\n<p>46450 Benifai\u00f3 -Val\u00e8ncia-<\/p>\n<p><\/p>\n<p><\/p>\n<p>Reservas: 660832591<\/p>\n<p><\/p>\n<p><\/p>\n<p>Facebook: <a href=\"https:\/\/www.facebook.com\/CafeteriaAmerica\" target=\"_blank\" rel=\"noreferrer noopener\">https:\/\/www.facebook.com\/CafeteriaAmerica<\/a><\/p>\n<p><\/p>\n<p><\/p>\n<p>Instagram: <a href=\"https:\/\/www.instagram.com\/bar_america\" target=\"_blank\" rel=\"noopener\">https:\/\/www.instagram.com\/bar_america<\/a><\/p>\n<p><\/p>\n<p><\/p>\n<p><\/p>\n<p><\/p>\n<figure class=\"wp-block-image size-full\"><img decoding=\"async\" class=\"alignnone wp-image-85 size-medium\" src=\"https:\/\/benifaio.net\/wp-content\/uploads\/2022\/10\/Bar_America_02-300x163.jpg\" alt=\"\" width=\"300\" height=\"163\" srcset=\"https:\/\/benifaio.net\/wp-content\/uploads\/2022\/10\/Bar_America_02-300x163.jpg 300w, https:\/\/benifaio.net\/wp-content\/uploads\/2022\/10\/Bar_America_02-768x418.jpg 768w, https:\/\/benifaio.net\/wp-content\/uploads\/2022\/10\/Bar_America_02-750x408.jpg 750w, https:\/\/benifaio.net\/wp-content\/uploads\/2022\/10\/Bar_America_02-400x218.jpg 400w, https:\/\/benifaio.net\/wp-content\/uploads\/2022\/10\/Bar_America_02-430x234.jpg 430w, https:\/\/benifaio.net\/wp-content\/uploads\/2022\/10\/Bar_America_02-150x82.jpg 150w, https:\/\/benifaio.net\/wp-content\/uploads\/2022\/10\/Bar_America_02-100x54.jpg 100w, https:\/\/benifaio.net\/wp-content\/uploads\/2022\/10\/Bar_America_02.jpg 936w\" sizes=\"(max-width: 300px) 100vw, 300px\" \/><\/figure>\n<p><\/p>\t\t\t\t\t\t\t\t<\/div>\n\t\t\t\t<\/div>\n\t\t\t\t\t<\/div>\n\t\t<\/div>\n\t\t\t\t\t<\/div>\n\t\t<\/section>\n\t\t\t\t<section class=\"elementor-section elementor-top-section elementor-element elementor-element-f1da390 elementor-section-boxed elementor-section-height-default elementor-section-height-default\" data-id=\"f1da390\" data-element_type=\"section\" data-e-type=\"section\">\n\t\t\t\t\t\t<div class=\"elementor-container elementor-column-gap-default\">\n\t\t\t\t\t<div class=\"elementor-column elementor-col-100 elementor-top-column elementor-element elementor-element-9ec7094\" data-id=\"9ec7094\" data-element_type=\"column\" data-e-type=\"column\">\n\t\t\t<div class=\"elementor-widget-wrap elementor-element-populated\">\n\t\t\t\t\t\t<div class=\"elementor-element elementor-element-16c2d39 elementor-widget elementor-widget-html\" data-id=\"16c2d39\" data-element_type=\"widget\" data-e-type=\"widget\" data-widget_type=\"html.default\">\n\t\t\t\t<div class=\"elementor-widget-container\">\n\t\t\t\t\t<iframe src=\"https:\/\/www.google.com\/maps\/embed?pb=!1m18!1m12!1m3!1d3088.2829984149284!2d-0.4297125843756571!3d39.28183213179617!2m3!1f0!2f0!3f0!3m2!1i1024!2i768!4f13.1!3m3!1m2!1s0xd61b2f439f41201%3A0x2d63b1c608e33406!2sBar%20Restaurante%20America!5e0!3m2!1ses!2ses!4v1666896278826!5m2!1ses!2ses\" width=\"600\" height=\"450\" style=\"border:0;\" allowfullscreen=\"\" loading=\"lazy\" referrerpolicy=\"no-referrer-when-downgrade\"><\/iframe>\t\t\t\t<\/div>\n\t\t\t\t<\/div>\n\t\t\t\t\t<\/div>\n\t\t<\/div>\n\t\t\t\t\t<\/div>\n\t\t<\/section>\n\t\t\t\t<\/div>\n\t\t","protected":false},"excerpt":{"rendered":"<p>Bar Cafeter\u00eda y Restaurante en Benifai\u00f3 Pla\u00e7a Blasco Ib\u00e1\u00f1ez, 12 46450 Benifai\u00f3 -Val\u00e8ncia- Reservas: 660832591 Facebook: https:\/\/www.facebook.com\/CafeteriaAmerica Instagram: https:\/\/www.instagram.com\/bar_america<\/p>\n","protected":false},"author":1,"featured_media":0,"parent":27,"menu_order":0,"comment_status":"closed","ping_status":"closed","template":"","meta":{"footnotes":""},"class_list":["post-77","page","type-page","status-publish","hentry"],"_links":{"self":[{"href":"https:\/\/benifaio.net\/index.php?rest_route=\/wp\/v2\/pages\/77","targetHints":{"allow":["GET"]}}],"collection":[{"href":"https:\/\/benifaio.net\/index.php?rest_route=\/wp\/v2\/pages"}],"about":[{"href":"https:\/\/benifaio.net\/index.php?rest_route=\/wp\/v2\/types\/page"}],"author":[{"embeddable":true,"href":"https:\/\/benifaio.net\/index.php?rest_route=\/wp\/v2\/users\/1"}],"replies":[{"embeddable":true,"href":"https:\/\/benifaio.net\/index.php?rest_route=%2Fwp%2Fv2%2Fcomments&post=77"}],"version-history":[{"count":37,"href":"https:\/\/benifaio.net\/index.php?rest_route=\/wp\/v2\/pages\/77\/revisions"}],"predecessor-version":[{"id":219,"href":"https:\/\/benifaio.net\/index.php?rest_route=\/wp\/v2\/pages\/77\/revisions\/219"}],"up":[{"embeddable":true,"href":"https:\/\/benifaio.net\/index.php?rest_route=\/wp\/v2\/pages\/27"}],"wp:attachment":[{"href":"https:\/\/benifaio.net\/index.php?rest_route=%2Fwp%2Fv2%2Fmedia&parent=77"}],"curies":[{"name":"wp","href":"https:\/\/api.w.org\/{rel}","templated":true}]}}