{"id":47,"date":"2022-10-19T19:20:02","date_gmt":"2022-10-19T17:20:02","guid":{"rendered":"https:\/\/benifaio.net\/?page_id=47"},"modified":"2022-10-19T19:32:47","modified_gmt":"2022-10-19T17:32:47","slug":"bar-granada","status":"publish","type":"page","link":"https:\/\/benifaio.net\/?page_id=47","title":{"rendered":"Bar Granada"},"content":{"rendered":"\t\t<div data-elementor-type=\"wp-page\" data-elementor-id=\"47\" class=\"elementor elementor-47\">\n\t\t\t\t\t\t<section class=\"elementor-section elementor-top-section elementor-element elementor-element-32fbe4ef elementor-section-boxed elementor-section-height-default elementor-section-height-default\" data-id=\"32fbe4ef\" data-element_type=\"section\" data-e-type=\"section\">\n\t\t\t\t\t\t<div class=\"elementor-container elementor-column-gap-default\">\n\t\t\t\t\t<div class=\"elementor-column elementor-col-100 elementor-top-column elementor-element elementor-element-79f90a8f\" data-id=\"79f90a8f\" data-element_type=\"column\" data-e-type=\"column\">\n\t\t\t<div class=\"elementor-widget-wrap elementor-element-populated\">\n\t\t\t\t\t\t<div class=\"elementor-element elementor-element-4e1a42e4 elementor-widget elementor-widget-text-editor\" data-id=\"4e1a42e4\" data-element_type=\"widget\" data-e-type=\"widget\" data-widget_type=\"text-editor.default\">\n\t\t\t\t<div class=\"elementor-widget-container\">\n\t\t\t\t\t\t\t\t\t\n<p>Gastro-Bar y Restaurante en Benifai\u00f3<\/p>\n\n\n\n<p>Calle La Fuente, 56<\/p>\n\n\n\n<p>46450 Benifai\u00f3 -Val\u00e8ncia-<\/p>\n\n\n\n<p>Reservas: 607 94 51 44<\/p>\n\n\n\n<p>Facebook: <a href=\"https:\/\/www.facebook.com\/BarGranadaBenifayo\" target=\"_blank\" rel=\"noreferrer noopener\">https:\/\/www.facebook.com\/BarGranadaBenifayo<\/a><\/p>\n\n\n\n<p>Instagram: <a href=\"https:\/\/www.instagram.com\/explore\/locations\/1576849989272865\/bar-granada\/\" target=\"_blank\" rel=\"noreferrer noopener\">https:\/\/www.instagram.com\/explore\/locations\/1576849989272865\/bar-granada\/<\/a><\/p>\n\n\n\n<p><\/p>\n\n\n\n<figure class=\"wp-block-image size-full\"><img fetchpriority=\"high\" decoding=\"async\" width=\"500\" height=\"261\" src=\"https:\/\/benifaio.net\/wp-content\/uploads\/2022\/10\/Bar-Granada-Elena-Barra-01.jpg\" alt=\"\" class=\"wp-image-49\" srcset=\"https:\/\/benifaio.net\/wp-content\/uploads\/2022\/10\/Bar-Granada-Elena-Barra-01.jpg 500w, https:\/\/benifaio.net\/wp-content\/uploads\/2022\/10\/Bar-Granada-Elena-Barra-01-300x157.jpg 300w, https:\/\/benifaio.net\/wp-content\/uploads\/2022\/10\/Bar-Granada-Elena-Barra-01-400x209.jpg 400w, https:\/\/benifaio.net\/wp-content\/uploads\/2022\/10\/Bar-Granada-Elena-Barra-01-430x224.jpg 430w, https:\/\/benifaio.net\/wp-content\/uploads\/2022\/10\/Bar-Granada-Elena-Barra-01-150x78.jpg 150w, https:\/\/benifaio.net\/wp-content\/uploads\/2022\/10\/Bar-Granada-Elena-Barra-01-100x52.jpg 100w\" sizes=\"(max-width: 500px) 100vw, 500px\" \/><\/figure>\n\t\t\t\t\t\t\t\t<\/div>\n\t\t\t\t<\/div>\n\t\t\t\t\t<\/div>\n\t\t<\/div>\n\t\t\t\t\t<\/div>\n\t\t<\/section>\n\t\t\t\t<section class=\"elementor-section elementor-top-section elementor-element elementor-element-f1da390 elementor-section-boxed elementor-section-height-default elementor-section-height-default\" data-id=\"f1da390\" data-element_type=\"section\" data-e-type=\"section\">\n\t\t\t\t\t\t<div class=\"elementor-container elementor-column-gap-default\">\n\t\t\t\t\t<div class=\"elementor-column elementor-col-100 elementor-top-column elementor-element elementor-element-9ec7094\" data-id=\"9ec7094\" data-element_type=\"column\" data-e-type=\"column\">\n\t\t\t<div class=\"elementor-widget-wrap elementor-element-populated\">\n\t\t\t\t\t\t<div class=\"elementor-element elementor-element-16c2d39 elementor-widget elementor-widget-html\" data-id=\"16c2d39\" data-element_type=\"widget\" data-e-type=\"widget\" data-widget_type=\"html.default\">\n\t\t\t\t<div class=\"elementor-widget-container\">\n\t\t\t\t\t<iframe src=\"https:\/\/www.google.com\/maps\/embed?pb=!1m18!1m12!1m3!1d3088.0186104274007!2d-0.4256802846380859!3d39.287828479512356!2m3!1f0!2f0!3f0!3m2!1i1024!2i768!4f13.1!3m3!1m2!1s0xd61b2f03bc6d0ab%3A0xdd369ce18fb37eaa!2sBar%20Granada!5e0!3m2!1ses!2ses!4v1666200726294!5m2!1ses!2ses\" width=\"600\" height=\"450\" style=\"border:0;\" allowfullscreen=\"\" loading=\"lazy\" referrerpolicy=\"no-referrer-when-downgrade\"><\/iframe>\t\t\t\t<\/div>\n\t\t\t\t<\/div>\n\t\t\t\t\t<\/div>\n\t\t<\/div>\n\t\t\t\t\t<\/div>\n\t\t<\/section>\n\t\t\t\t<\/div>\n\t\t","protected":false},"excerpt":{"rendered":"<p>Gastro-Bar y Restaurante en Benifai\u00f3 Calle La Fuente, 56 46450 Benifai\u00f3 -Val\u00e8ncia- Reservas: 607 94 51 44 Facebook: https:\/\/www.facebook.com\/BarGranadaBenifayo Instagram: https:\/\/www.instagram.com\/explore\/locations\/1576849989272865\/bar-granada\/<\/p>\n","protected":false},"author":1,"featured_media":0,"parent":27,"menu_order":0,"comment_status":"closed","ping_status":"closed","template":"","meta":{"footnotes":""},"class_list":["post-47","page","type-page","status-publish","hentry"],"_links":{"self":[{"href":"https:\/\/benifaio.net\/index.php?rest_route=\/wp\/v2\/pages\/47","targetHints":{"allow":["GET"]}}],"collection":[{"href":"https:\/\/benifaio.net\/index.php?rest_route=\/wp\/v2\/pages"}],"about":[{"href":"https:\/\/benifaio.net\/index.php?rest_route=\/wp\/v2\/types\/page"}],"author":[{"embeddable":true,"href":"https:\/\/benifaio.net\/index.php?rest_route=\/wp\/v2\/users\/1"}],"replies":[{"embeddable":true,"href":"https:\/\/benifaio.net\/index.php?rest_route=%2Fwp%2Fv2%2Fcomments&post=47"}],"version-history":[{"count":8,"href":"https:\/\/benifaio.net\/index.php?rest_route=\/wp\/v2\/pages\/47\/revisions"}],"predecessor-version":[{"id":57,"href":"https:\/\/benifaio.net\/index.php?rest_route=\/wp\/v2\/pages\/47\/revisions\/57"}],"up":[{"embeddable":true,"href":"https:\/\/benifaio.net\/index.php?rest_route=\/wp\/v2\/pages\/27"}],"wp:attachment":[{"href":"https:\/\/benifaio.net\/index.php?rest_route=%2Fwp%2Fv2%2Fmedia&parent=47"}],"curies":[{"name":"wp","href":"https:\/\/api.w.org\/{rel}","templated":true}]}}